{"id":2794,"date":"2025-03-17T15:03:02","date_gmt":"2025-03-17T15:03:02","guid":{"rendered":"https:\/\/haudilar.pt\/2024\/history\/"},"modified":"2025-04-24T13:27:35","modified_gmt":"2025-04-24T13:27:35","slug":"history","status":"publish","type":"page","link":"https:\/\/haudilar.pt\/en\/history\/","title":{"rendered":"History"},"content":{"rendered":"<!--themify_builder_content-->\n<div id=\"themify_builder_content-2794\" data-postid=\"2794\" class=\"themify_builder_content themify_builder_content-2794 themify_builder tf_clear\">\n                    <div  data-lazy=\"1\" class=\"module_row themify_builder_row tb_x960580 tb_first tf_w\">\n                        <div class=\"row_inner col_align_top tb_col_count_1 tf_box tf_rel\">\n                        <div  data-lazy=\"1\" class=\"module_column tb-column col-full tb_b2gh581 first\">\n                    <!-- module image -->\n<div  class=\"module module-image tb_ejjc341 image-top   tf_mw\" data-lazy=\"1\">\n        <div class=\"image-wrap tf_rel tf_mw\">\n            <img loading=\"lazy\" decoding=\"async\" src=\"https:\/\/haudilar.pt\/wp-content\/uploads\/2025\/04\/header_historia-1024x512-1200x600.jpg\" width=\"1200\" height=\"600\" class=\"wp-post-image wp-image-3074\" title=\"header_historia\" alt=\"header_historia\">    \n        <\/div>\n    <!-- \/image-wrap -->\n    \n        <\/div>\n<!-- \/module image -->        <\/div>\n                        <\/div>\n        <\/div>\n                        <div  data-lazy=\"1\" class=\"module_row themify_builder_row tb_fj7q32 tf_w\">\n                        <div class=\"row_inner col_align_top gutter-none tb_col_count_2 tf_box tf_rel\">\n                        <div  data-lazy=\"1\" class=\"module_column tb-column col4-2 tb_2dyr32 first\">\n                    <!-- module text -->\n<div  class=\"module module-text tb_egrx82   \" data-lazy=\"1\">\n        <div  class=\"tb_text_wrap\">\n        <h1 style=\"text-align: left\">THE STORY<\/h1>    <\/div>\n<\/div>\n<!-- \/module text --><!-- module text -->\n<div  class=\"module module-text tb_ulpi437   \" data-lazy=\"1\">\n        <div  class=\"tb_text_wrap\">\n        <p>The HAUDILAR brand was created in 1976 by Ant\u00f3nio Manuel Barros Lu\u00eds and his wife with the opening of the first store in the city center of Montijo and a small factory with an area of 800 m2, with a view to satisfying growing consumer demand for custom-made kitchen furniture and closets. In 1985, a second 500m2 store was opened next to the existing one, dividing the commercial area into two separate areas for kitchens and closets. With the positive evolution of sales, in 2001 a new 3000 m2 factory was built on the outskirts of the city, equipped with the best technology at the time in terms of machinery and software, which is still in use today, with the necessary updates, and which employs more than 30 people. In 2011, a new store was opened, better located in one of Montijo&#8217;s main shopping areas. The HAUDILAR brand continues, and will continue, to evolve positively despite the market fluctuations and variables that have taken place over these five decades.<\/p>\n<p>We&#8217;re counting on you!<\/p>    <\/div>\n<\/div>\n<!-- \/module text -->        <\/div>\n                    <div  data-lazy=\"1\" data-zooming-bg=\"desktop\" class=\"module_column tb-column col4-2 tb_b96b829 last\">\n                            <\/div>\n                        <\/div>\n        <\/div>\n                        <div  data-lazy=\"1\" class=\"module_row themify_builder_row tb_5gfi35 tf_w\">\n                        <div class=\"row_inner col_align_top tb_col_count_1 tf_box tf_rel\">\n                        <div  data-lazy=\"1\" class=\"module_column tb-column col-full tb_80m736 first\">\n        <span class=\"builder_row_cover tf_abs\"><\/span>            <!-- module text -->\n<div  class=\"module module-text tb_ki4b1   \" data-lazy=\"1\">\n        <div  class=\"tb_text_wrap\">\n        <h3>From an entrepreneurial vision<br>to a consolidated brand<\/h3>    <\/div>\n<\/div>\n<!-- \/module text --><!-- module timeline -->\n<div  id=\"tb_7888902\" class=\"module tf_hidden tf_lazy module-timeline tb_7888902 layout-list \" data-lazy=\"1\">\n    <ul class=\"tf_rel\">\n\t\t\t<li id=\"timeline-0\" class=\"timeline-post without-icon \">\n\t\t\t<span class=\"module-timeline-date tf_box tf_textr\">\n\t\t\t\t\t  1976\t\t\t<\/span>\n\t\t\t\t\t\t\t<div class=\"module-timeline-dot\"><\/div>\n\t\t\t\t\t\t\t<div class=\"module-timeline-content-wrap tf_box tf_right\">\n\t\t\t\t<div class=\"module-timeline-content\">\n\t\t\t\t\t\t\t\t\t\t\t<h2 class=\"module-timeline-title\">    \n\t\t\t\t\t\t\t\t\t\t\t\t\t\t\t\t   A Funda\u00e7\u00e3o\t\t\t\t\t\t\t   \t\t\t\t\t\t<\/h2>\n\t\t\t\t\t\t\t\t\t\t\t\t\t\t\t\t\t\t\t\t\t<div class=\"entry-content\" itemprop=\"articleBody\">\n\t\t\t\t\t\t\t\t \t\t\t\t\t\t<\/div><!-- \/.entry-content -->\n\t\t\t\t\t\t\t\t\t<\/div><!-- \/.timeline-content -->\n\t\t\t<\/div><!-- \/.timeline-content-wrap -->\n\t\t<\/li>\n\t\t\t<li id=\"timeline-1\" class=\"timeline-post without-icon \">\n\t\t\t<span class=\"module-timeline-date tf_box tf_textr\">\n\t\t\t\t\t  1985\t\t\t<\/span>\n\t\t\t\t\t\t\t<div class=\"module-timeline-dot\"><\/div>\n\t\t\t\t\t\t\t<div class=\"module-timeline-content-wrap tf_box tf_right\">\n\t\t\t\t<div class=\"module-timeline-content\">\n\t\t\t\t\t\t\t\t\t\t\t<h2 class=\"module-timeline-title\">    \n\t\t\t\t\t\t\t\t\t\t\t\t\t\t\t\t   Abertura de 2\u00aa loja\t\t\t\t\t\t\t   \t\t\t\t\t\t<\/h2>\n\t\t\t\t\t\t\t\t\t\t\t\t\t\t\t\t\t\t\t\t\t<div class=\"entry-content\" itemprop=\"articleBody\">\n\t\t\t\t\t\t\t\t \t\t\t\t\t\t<\/div><!-- \/.entry-content -->\n\t\t\t\t\t\t\t\t\t<\/div><!-- \/.timeline-content -->\n\t\t\t<\/div><!-- \/.timeline-content-wrap -->\n\t\t<\/li>\n\t\t\t<li id=\"timeline-2\" class=\"timeline-post without-icon \">\n\t\t\t<span class=\"module-timeline-date tf_box tf_textr\">\n\t\t\t\t\t  2001\t\t\t<\/span>\n\t\t\t\t\t\t\t<div class=\"module-timeline-dot\"><\/div>\n\t\t\t\t\t\t\t<div class=\"module-timeline-content-wrap tf_box tf_right\">\n\t\t\t\t<div class=\"module-timeline-content\">\n\t\t\t\t\t\t\t\t\t\t\t<h2 class=\"module-timeline-title\">    \n\t\t\t\t\t\t\t\t\t\t\t\t\t\t\t\t   Constru\u00e7\u00e3o de nova f\u00e1brica\t\t\t\t\t\t\t   \t\t\t\t\t\t<\/h2>\n\t\t\t\t\t\t\t\t\t\t\t\t\t\t\t\t\t\t\t\t\t<div class=\"entry-content\" itemprop=\"articleBody\">\n\t\t\t\t\t\t\t\t \t\t\t\t\t\t<\/div><!-- \/.entry-content -->\n\t\t\t\t\t\t\t\t\t<\/div><!-- \/.timeline-content -->\n\t\t\t<\/div><!-- \/.timeline-content-wrap -->\n\t\t<\/li>\n\t\t\t<li id=\"timeline-3\" class=\"timeline-post without-icon \">\n\t\t\t<span class=\"module-timeline-date tf_box tf_textr\">\n\t\t\t\t\t  2011\t\t\t<\/span>\n\t\t\t\t\t\t\t<div class=\"module-timeline-dot\"><\/div>\n\t\t\t\t\t\t\t<div class=\"module-timeline-content-wrap tf_box tf_right\">\n\t\t\t\t<div class=\"module-timeline-content\">\n\t\t\t\t\t\t\t\t\t\t\t<h2 class=\"module-timeline-title\">    \n\t\t\t\t\t\t\t\t\t\t\t\t\t\t\t\t   Inaugura\u00e7\u00e3o de nova loja\t\t\t\t\t\t\t   \t\t\t\t\t\t<\/h2>\n\t\t\t\t\t\t\t\t\t\t\t\t\t\t\t\t\t\t\t\t\t<div class=\"entry-content\" itemprop=\"articleBody\">\n\t\t\t\t\t\t\t\t \t\t\t\t\t\t<\/div><!-- \/.entry-content -->\n\t\t\t\t\t\t\t\t\t<\/div><!-- \/.timeline-content -->\n\t\t\t<\/div><!-- \/.timeline-content-wrap -->\n\t\t<\/li>\n\t\t\t<li id=\"timeline-4\" class=\"timeline-post without-icon \">\n\t\t\t<span class=\"module-timeline-date tf_box tf_textr\">\n\t\t\t\t\t  2026\t\t\t<\/span>\n\t\t\t\t\t\t\t<div class=\"module-timeline-dot\"><\/div>\n\t\t\t\t\t\t\t<div class=\"module-timeline-content-wrap tf_box tf_right\">\n\t\t\t\t<div class=\"module-timeline-content\">\n\t\t\t\t\t\t\t\t\t\t\t<h2 class=\"module-timeline-title\">    \n\t\t\t\t\t\t\t\t\t\t\t\t\t\t\t\t   50\u00ba Anivers\u00e1rio  \t\t\t\t\t\t\t   \t\t\t\t\t\t<\/h2>\n\t\t\t\t\t\t\t\t\t\t\t\t\t\t\t\t\t\t\t\t\t<div class=\"entry-content\" itemprop=\"articleBody\">\n\t\t\t\t\t\t\t\t \t\t\t\t\t\t<\/div><!-- \/.entry-content -->\n\t\t\t\t\t\t\t\t\t<\/div><!-- \/.timeline-content -->\n\t\t\t<\/div><!-- \/.timeline-content-wrap -->\n\t\t<\/li>\n\t<\/ul><\/div>\n<!-- \/module timeline -->        <\/div>\n                        <\/div>\n        <\/div>\n        <\/div>\n<!--\/themify_builder_content-->","protected":false},"excerpt":{"rendered":"<p>THE STORY<\/p>\n","protected":false},"author":1,"featured_media":0,"parent":0,"menu_order":0,"comment_status":"closed","ping_status":"closed","template":"","meta":{"footnotes":""},"class_list":["post-2794","page","type-page","status-publish","hentry","has-post-title","has-post-date","has-post-category","has-post-tag","has-post-comment","has-post-author",""],"_links":{"self":[{"href":"https:\/\/haudilar.pt\/en\/wp-json\/wp\/v2\/pages\/2794","targetHints":{"allow":["GET"]}}],"collection":[{"href":"https:\/\/haudilar.pt\/en\/wp-json\/wp\/v2\/pages"}],"about":[{"href":"https:\/\/haudilar.pt\/en\/wp-json\/wp\/v2\/types\/page"}],"author":[{"embeddable":true,"href":"https:\/\/haudilar.pt\/en\/wp-json\/wp\/v2\/users\/1"}],"replies":[{"embeddable":true,"href":"https:\/\/haudilar.pt\/en\/wp-json\/wp\/v2\/comments?post=2794"}],"version-history":[{"count":29,"href":"https:\/\/haudilar.pt\/en\/wp-json\/wp\/v2\/pages\/2794\/revisions"}],"predecessor-version":[{"id":3082,"href":"https:\/\/haudilar.pt\/en\/wp-json\/wp\/v2\/pages\/2794\/revisions\/3082"}],"wp:attachment":[{"href":"https:\/\/haudilar.pt\/en\/wp-json\/wp\/v2\/media?parent=2794"}],"curies":[{"name":"wp","href":"https:\/\/api.w.org\/{rel}","templated":true}]}}